{"id":3797,"date":"2024-08-29T14:40:04","date_gmt":"2024-08-29T14:40:04","guid":{"rendered":"https:\/\/kevago.pt\/tendilla\/"},"modified":"2026-02-11T09:50:31","modified_gmt":"2026-02-11T09:50:31","slug":"tendilla","status":"publish","type":"page","link":"https:\/\/kevago.pt\/en\/tendilla\/","title":{"rendered":"Tendilla"},"content":{"rendered":"\t\t<div data-elementor-type=\"wp-page\" data-elementor-id=\"3797\" class=\"elementor elementor-3797 elementor-3727\" data-elementor-post-type=\"page\">\n\t\t\t\t\t\t<section class=\"elementor-section elementor-top-section elementor-element elementor-element-50e031a elementor-section-boxed elementor-section-height-default elementor-section-height-default\" data-id=\"50e031a\" data-element_type=\"section\" data-e-type=\"section\">\n\t\t\t\t\t\t<div class=\"elementor-container elementor-column-gap-default\">\n\t\t\t\t\t<div class=\"elementor-column elementor-col-100 elementor-top-column elementor-element elementor-element-3f3d042\" data-id=\"3f3d042\" data-element_type=\"column\" data-e-type=\"column\">\n\t\t\t<div class=\"elementor-widget-wrap elementor-element-populated\">\n\t\t\t\t\t\t<div class=\"elementor-element elementor-element-adea6f8 elementor-widget elementor-widget-heading\" data-id=\"adea6f8\" data-element_type=\"widget\" data-e-type=\"widget\" data-widget_type=\"heading.default\">\n\t\t\t\t<div class=\"elementor-widget-container\">\n\t\t\t\t\t<h1 class=\"elementor-heading-title elementor-size-default\">Tendilla<\/h1>\t\t\t\t<\/div>\n\t\t\t\t<\/div>\n\t\t\t\t\t<\/div>\n\t\t<\/div>\n\t\t\t\t\t<\/div>\n\t\t<\/section>\n\t\t\t\t<section class=\"elementor-section elementor-top-section elementor-element elementor-element-8821463 elementor-section-height-min-height elementor-section-boxed elementor-section-height-default elementor-section-items-middle\" data-id=\"8821463\" data-element_type=\"section\" data-e-type=\"section\" data-settings=\"{&quot;background_background&quot;:&quot;classic&quot;}\">\n\t\t\t\t\t\t\t<div class=\"elementor-background-overlay\"><\/div>\n\t\t\t\t\t\t\t<div class=\"elementor-container elementor-column-gap-default\">\n\t\t\t\t\t<div class=\"elementor-column elementor-col-100 elementor-top-column elementor-element elementor-element-a5ea870\" data-id=\"a5ea870\" data-element_type=\"column\" data-e-type=\"column\">\n\t\t\t<div class=\"elementor-widget-wrap\">\n\t\t\t\t\t\t\t<\/div>\n\t\t<\/div>\n\t\t\t\t\t<\/div>\n\t\t<\/section>\n\t\t\t\t<section class=\"elementor-section elementor-top-section elementor-element elementor-element-0025a81 elementor-section-boxed elementor-section-height-default elementor-section-height-default\" data-id=\"0025a81\" data-element_type=\"section\" data-e-type=\"section\">\n\t\t\t\t\t\t<div class=\"elementor-container elementor-column-gap-default\">\n\t\t\t\t\t<div class=\"elementor-column elementor-col-100 elementor-top-column elementor-element elementor-element-065e5d4\" data-id=\"065e5d4\" data-element_type=\"column\" data-e-type=\"column\">\n\t\t\t<div class=\"elementor-widget-wrap elementor-element-populated\">\n\t\t\t\t\t\t<div class=\"elementor-element elementor-element-6718f6c elementor-widget elementor-widget-text-editor\" data-id=\"6718f6c\" data-element_type=\"widget\" data-e-type=\"widget\" data-widget_type=\"text-editor.default\">\n\t\t\t\t<div class=\"elementor-widget-container\">\n\t\t\t\t\t\t\t\t\t<h2>High quality products, without added preservatives or colorings, gluten-free.<\/h2>\n<p><strong>C\u00e1rnicas Mu\u00f1oz S\u00e1nchez, S.L.<\/strong> is a family business located in Alcarria, in the Castilian mountains. Founded in 1994, it has always been dedicated to meat products, specializing in cracklings and rinds.<br \/><strong>TENDILLA<\/strong>, the name that gives rise to its brand, is a small town in Castilla La Mancha, province of Guadalajara, whose 14th century Goods Fair contributed to the exchange of spices, textile articles, jewelry, silverware and, above all, food among which pork derivatives, which are well bred in the region, predominated. Thus, the most delicious recipes for pork rinds, cracklings and bacon emerged.<\/p>\n<p>All Mu\u00f1oz S\u00e1nchez, S.L. products are certified by the <strong>IFS Food<\/strong> quality standard. In addition to having other certifications that endorse them for international markets.<\/p>\n\t\t\t\t\t\t\t\t<\/div>\n\t\t\t\t<\/div>\n\t\t\t\t\t<\/div>\n\t\t<\/div>\n\t\t\t\t\t<\/div>\n\t\t<\/section>\n\t\t\t\t<section class=\"elementor-section elementor-top-section elementor-element elementor-element-f95d765 elementor-section-boxed elementor-section-height-default elementor-section-height-default\" data-id=\"f95d765\" data-element_type=\"section\" data-e-type=\"section\">\n\t\t\t\t\t\t<div class=\"elementor-container elementor-column-gap-default\">\n\t\t\t\t\t<div class=\"elementor-column elementor-col-25 elementor-top-column elementor-element elementor-element-f8977b5\" data-id=\"f8977b5\" data-element_type=\"column\" data-e-type=\"column\">\n\t\t\t<div class=\"elementor-widget-wrap elementor-element-populated\">\n\t\t\t\t\t\t<div class=\"elementor-element elementor-element-d51969a elementor-widget__width-initial elementor-widget elementor-widget-image\" data-id=\"d51969a\" data-element_type=\"widget\" data-e-type=\"widget\" data-widget_type=\"image.default\">\n\t\t\t\t<div class=\"elementor-widget-container\">\n\t\t\t\t\t\t\t\t\t\t\t\t\t\t\t<img fetchpriority=\"high\" decoding=\"async\" width=\"193\" height=\"300\" src=\"https:\/\/kevago.pt\/wp-content\/uploads\/2025\/06\/75g-tratado-PPT-193x300.png\" class=\"elementor-animation-grow attachment-medium size-medium wp-image-4026\" alt=\"\" srcset=\"https:\/\/kevago.pt\/wp-content\/uploads\/2025\/06\/75g-tratado-PPT-193x300.png 193w, https:\/\/kevago.pt\/wp-content\/uploads\/2025\/06\/75g-tratado-PPT.png 484w\" sizes=\"(max-width: 193px) 100vw, 193px\" \/>\t\t\t\t\t\t\t\t\t\t\t\t\t\t\t<\/div>\n\t\t\t\t<\/div>\n\t\t\t\t\t<\/div>\n\t\t<\/div>\n\t\t\t\t<div class=\"elementor-column elementor-col-25 elementor-top-column elementor-element elementor-element-aaf0ad0\" data-id=\"aaf0ad0\" data-element_type=\"column\" data-e-type=\"column\">\n\t\t\t<div class=\"elementor-widget-wrap elementor-element-populated\">\n\t\t\t\t\t\t<div class=\"elementor-element elementor-element-fc41b5c elementor-widget__width-initial elementor-absolute elementor-widget elementor-widget-heading\" data-id=\"fc41b5c\" data-element_type=\"widget\" data-e-type=\"widget\" data-settings=\"{&quot;_position&quot;:&quot;absolute&quot;}\" data-widget_type=\"heading.default\">\n\t\t\t\t<div class=\"elementor-widget-container\">\n\t\t\t\t\t<h2 class=\"elementor-heading-title elementor-size-default\">Original flavour<\/h2>\t\t\t\t<\/div>\n\t\t\t\t<\/div>\n\t\t\t\t<div class=\"elementor-element elementor-element-c81fa3a elementor-absolute elementor-widget__width-initial elementor-widget elementor-widget-text-editor\" data-id=\"c81fa3a\" data-element_type=\"widget\" data-e-type=\"widget\" data-settings=\"{&quot;_position&quot;:&quot;absolute&quot;}\" data-widget_type=\"text-editor.default\">\n\t\t\t\t<div class=\"elementor-widget-container\">\n\t\t\t\t\t\t\t\t\t<p><strong>With high oleic sunflower oil<\/strong><br \/><strong>Net Weight: 75g\u212e<\/strong><\/p>\n\t\t\t\t\t\t\t\t<\/div>\n\t\t\t\t<\/div>\n\t\t\t\t\t<\/div>\n\t\t<\/div>\n\t\t\t\t<div class=\"elementor-column elementor-col-25 elementor-top-column elementor-element elementor-element-6423d0f\" data-id=\"6423d0f\" data-element_type=\"column\" data-e-type=\"column\">\n\t\t\t<div class=\"elementor-widget-wrap elementor-element-populated\">\n\t\t\t\t\t\t<div class=\"elementor-element elementor-element-6d67ee0 elementor-widget__width-initial elementor-widget elementor-widget-image\" data-id=\"6d67ee0\" data-element_type=\"widget\" data-e-type=\"widget\" data-widget_type=\"image.default\">\n\t\t\t\t<div class=\"elementor-widget-container\">\n\t\t\t\t\t\t\t\t\t\t\t\t\t\t\t<img decoding=\"async\" width=\"300\" height=\"264\" src=\"https:\/\/kevago.pt\/wp-content\/uploads\/2025\/06\/125g-Novo-PackagingPPT-300x264.png\" class=\"elementor-animation-grow attachment-medium size-medium wp-image-4028\" alt=\"\" srcset=\"https:\/\/kevago.pt\/wp-content\/uploads\/2025\/06\/125g-Novo-PackagingPPT-300x264.png 300w, https:\/\/kevago.pt\/wp-content\/uploads\/2025\/06\/125g-Novo-PackagingPPT-768x677.png 768w, https:\/\/kevago.pt\/wp-content\/uploads\/2025\/06\/125g-Novo-PackagingPPT.png 808w\" sizes=\"(max-width: 300px) 100vw, 300px\" \/>\t\t\t\t\t\t\t\t\t\t\t\t\t\t\t<\/div>\n\t\t\t\t<\/div>\n\t\t\t\t\t<\/div>\n\t\t<\/div>\n\t\t\t\t<div class=\"elementor-column elementor-col-25 elementor-top-column elementor-element elementor-element-5825f63\" data-id=\"5825f63\" data-element_type=\"column\" data-e-type=\"column\">\n\t\t\t<div class=\"elementor-widget-wrap elementor-element-populated\">\n\t\t\t\t\t\t<div class=\"elementor-element elementor-element-01c6b2e elementor-widget__width-initial elementor-absolute elementor-widget elementor-widget-heading\" data-id=\"01c6b2e\" data-element_type=\"widget\" data-e-type=\"widget\" data-settings=\"{&quot;_position&quot;:&quot;absolute&quot;}\" data-widget_type=\"heading.default\">\n\t\t\t\t<div class=\"elementor-widget-container\">\n\t\t\t\t\t<h2 class=\"elementor-heading-title elementor-size-default\">Iberian Ham flavour<\/h2>\t\t\t\t<\/div>\n\t\t\t\t<\/div>\n\t\t\t\t<div class=\"elementor-element elementor-element-5a1f320 elementor-absolute elementor-widget__width-initial elementor-widget elementor-widget-text-editor\" data-id=\"5a1f320\" data-element_type=\"widget\" data-e-type=\"widget\" data-settings=\"{&quot;_position&quot;:&quot;absolute&quot;}\" data-widget_type=\"text-editor.default\">\n\t\t\t\t<div class=\"elementor-widget-container\">\n\t\t\t\t\t\t\t\t\t<p><strong>Com \u00f3leo girassol alto oleico<\/strong><br \/><strong>Peso L\u00edq.: 125g\u212e\u00a0\u00a0 <\/strong><\/p>\n\t\t\t\t\t\t\t\t<\/div>\n\t\t\t\t<\/div>\n\t\t\t\t\t<\/div>\n\t\t<\/div>\n\t\t\t\t\t<\/div>\n\t\t<\/section>\n\t\t\t\t<\/div>\n\t\t","protected":false},"excerpt":{"rendered":"<p>Tendilla High quality products, without added preservatives or colorings, gluten-free. C\u00e1rnicas Mu\u00f1oz S\u00e1nchez, S.L. is a family business located in Alcarria, in the Castilian mountains. Founded in 1994, it has always been dedicated to meat products, specializing in cracklings and rinds.TENDILLA, the name that gives rise to its brand, is a small town in Castilla [&hellip;]<\/p>\n","protected":false},"author":2,"featured_media":0,"parent":0,"menu_order":0,"comment_status":"closed","ping_status":"closed","template":"elementor_header_footer","meta":{"footnotes":""},"class_list":["post-3797","page","type-page","status-publish","hentry"],"_links":{"self":[{"href":"https:\/\/kevago.pt\/en\/wp-json\/wp\/v2\/pages\/3797","targetHints":{"allow":["GET"]}}],"collection":[{"href":"https:\/\/kevago.pt\/en\/wp-json\/wp\/v2\/pages"}],"about":[{"href":"https:\/\/kevago.pt\/en\/wp-json\/wp\/v2\/types\/page"}],"author":[{"embeddable":true,"href":"https:\/\/kevago.pt\/en\/wp-json\/wp\/v2\/users\/2"}],"replies":[{"embeddable":true,"href":"https:\/\/kevago.pt\/en\/wp-json\/wp\/v2\/comments?post=3797"}],"version-history":[{"count":14,"href":"https:\/\/kevago.pt\/en\/wp-json\/wp\/v2\/pages\/3797\/revisions"}],"predecessor-version":[{"id":4274,"href":"https:\/\/kevago.pt\/en\/wp-json\/wp\/v2\/pages\/3797\/revisions\/4274"}],"wp:attachment":[{"href":"https:\/\/kevago.pt\/en\/wp-json\/wp\/v2\/media?parent=3797"}],"curies":[{"name":"wp","href":"https:\/\/api.w.org\/{rel}","templated":true}]}}